{"id":854,"date":"2021-05-10T18:22:30","date_gmt":"2021-05-10T18:22:30","guid":{"rendered":"https:\/\/slfconsultores.com\/?page_id=854"},"modified":"2021-08-31T23:12:35","modified_gmt":"2021-08-31T23:12:35","slug":"nosotros","status":"publish","type":"page","link":"https:\/\/slfconsultores.com\/en\/nosotros\/","title":{"rendered":"Who we are"},"content":{"rendered":"<div class=\"wpb-content-wrapper\"><section id=\"ut-section-69fa0b4aba898\" data-vc-full-width=\"true\" data-vc-full-width-init=\"false\" data-cursor-skin=\"global\" class=\"vc_section ut-vc-120 vc_section-has-no-fill ut-section-69fa0b4aba8ab\"><div id=\"ut-row-69fa0b4abae51\" data-vc-full-width=\"true\" data-vc-full-width-init=\"false\" class=\"vc_row wpb_row vc_row-fluid vc_column-gap-0 ut-row-69fa0b4abae5f\" ><a id=\"section-aldana\" data-id=\"section-aldana\" class=\"ut-vc-offset-anchor-top\" name=\"section-aldana\">aldana<\/a><div class=\"wpb_column vc_column_container vc_col-sm-12\" ><div id=\"ut_inner_column_69fa0b4abb336\" class=\"vc_column-inner\" ><div class=\"wpb_wrapper\">\r\n<div id=\"vc-sep-69fa0b4abb551\" class=\"vc_separator wpb_content_element vc_separator_align_center vc_sep_width_100 vc_sep_border_width_4 vc_sep_pos_align_center vc_separator_no_text vc_sep_color_grey  wpb_content_element\" ><span class=\"vc_sep_holder vc_sep_holder_l\"><span  class=\"vc_sep_line\"><\/span><\/span><span class=\"vc_sep_holder vc_sep_holder_r\"><span  class=\"vc_sep_line\"><\/span><\/span>\r\n<\/div><\/div><\/div><\/div><a data-id=\"section-aldana\" class=\"ut-vc-offset-anchor-bottom\" name=\"section-aldana\">aldana<\/a><\/div><div class=\"vc_row-full-width vc_clearfix\"><\/div><div id=\"ut-row-69fa0b4abb94d\" data-vc-full-width=\"true\" data-vc-full-width-init=\"false\" class=\"vc_row wpb_row vc_row-fluid vc_column-gap-0 ut-animate-element animated ut-no-animation-tablet ut-no-animation-mobile ut-row-69fa0b4abba31\" data-effect=\"fadeInLeft\" data-animateonce=\"yes\" data-delay=\"0\" data-animation-duration=\"1s\"><div class=\"wpb_column vc_column_container vc_col-sm-3\" ><div id=\"ut_inner_column_69fa0b4abc007\" class=\"vc_column-inner\" ><div class=\"wpb_wrapper\"><div  class=\"wpb_content_element   clearfix\"><style type=\"text\/css\">#ut_am_69fa0b4abc349 { opacity: 1; }#ut_am_wrap_69fa0b4abc34a { text-align: left; }@media (min-width: 768px) and (max-width: 1024px) { #ut_am_wrap_69fa0b4abc34a { text-align: left !important; } }@media (max-width: 767px) { #ut_am_wrap_69fa0b4abc34a { text-align: center !important; } }<\/style><div id=\"ut_am_wrap_69fa0b4abc34a\" class=\"ut-image-gallery-image\"><div id=\"ut_reveal_69fa0b4abc34b\"  data-appear-top-offset=\"auto\" class=\"ut-animated-image-item ut-image-gallery-item ut-animation-done\"><a class=\"ut-deactivated-link\" href=\"#\"><div class=\"ut-animated-image-zoom\">\r\n        <div class=\"ut-element-glitch-wrap\">\r\n\r\n            \r\n        <style type=\"text\/css\">\r\n\r\n                        \r\n        @media (min-width: 1025px) {\r\n\r\n        #ut-element-glitch-69fa0b4abc373472377581-1459 .ut-glitch-single-element {\r\n                                            \r\n                }\r\n        }\r\n\r\n        @media (min-width: 768px) and (max-width: 1024px) {\r\n\r\n        #ut-element-glitch-69fa0b4abc373472377581-1459 .ut-glitch-single-element {\r\n                                                \r\n                    }\r\n        }\r\n\r\n        @media (max-width: 767px) {\r\n\r\n        #ut-element-glitch-69fa0b4abc373472377581-1459 .ut-glitch-single-element {\r\n                                                \r\n                    }\r\n        }\r\n\r\n        \r\n        <\/style>\r\n\r\n        \r\n            <div id=\"ut-element-glitch-69fa0b4abc373472377581-1459\" class=\"ut-element-glitch ut-glitch-none ut-element-glitch-permanent\">\r\n                <div class=\"ut-glitch-single-element ut-lozad skip-lazy\" data-background-image=\"https:\/\/slfconsultores.com\/wp-content\/uploads\/2021\/06\/Aldana1-960x867.jpg\"><\/div>\r\n                <div class=\"ut-glitch-single-element ut-lozad skip-lazy\" data-background-image=\"https:\/\/slfconsultores.com\/wp-content\/uploads\/2021\/06\/Aldana1-960x867.jpg\"><\/div>\r\n                <div class=\"ut-glitch-single-element ut-lozad skip-lazy\" data-background-image=\"https:\/\/slfconsultores.com\/wp-content\/uploads\/2021\/06\/Aldana1-960x867.jpg\"><\/div>\r\n                <div class=\"ut-glitch-single-element ut-lozad skip-lazy\" data-background-image=\"https:\/\/slfconsultores.com\/wp-content\/uploads\/2021\/06\/Aldana1-960x867.jpg\"><\/div>\r\n                <div class=\"ut-glitch-single-element ut-lozad skip-lazy\" data-background-image=\"https:\/\/slfconsultores.com\/wp-content\/uploads\/2021\/06\/Aldana1-960x867.jpg\"><\/div>\r\n            <\/div>\r\n\r\n        <\/div>\r\n\r\n        <img loading=\"lazy\" decoding=\"async\" class=\"ut-lazy skip-lazy ut-animated-image\"  id=\"ut_am_69fa0b4abc349\" src=\"data:image\/svg+xml;charset=utf-8,%3Csvg xmlns%3D'http%3A%2F%2Fwww.w3.org%2F2000%2Fsvg' viewBox%3D'0 0 960 867'%2F%3E\" data-src=\"https:\/\/slfconsultores.com\/wp-content\/uploads\/2021\/06\/Aldana1-960x867.jpg\" width=\"960\" height=\"867\" alt=\"\"\/><\/div><\/a><\/div><\/div><\/div><\/div><\/div><\/div><div class=\"wpb_column vc_column_container vc_col-sm-9\" ><div id=\"ut_inner_column_69fa0b4abc4e2\" class=\"vc_column-inner ut-column-shadow\" ><div class=\"wpb_wrapper\"><style type=\"text\/css\">#ut_custom_heading69fa0b4abc590 { text-align:left; }@media (min-width: 768px) and (max-width: 1024px) { #ut_custom_heading69fa0b4abc590 { text-align:left; } }@media (max-width: 767px) { #ut_custom_heading69fa0b4abc590 { text-align:left; } }<\/style><h2 id=\"ut_custom_heading69fa0b4abc590\" data-responsive-font=\"h2\" class=\"ut-custom-heading-module\" ><span class=\"\" >Aldana Siciliano<br \/>\n<\/span><\/h2><style type=\"text\/css\">#ut_custom_heading69fa0b4abf1bb { color:#e84242; }#ut_custom_heading69fa0b4abf1bb { text-align:left; }@media (min-width: 768px) and (max-width: 1024px) { #ut_custom_heading69fa0b4abf1bb { text-align:left; } }@media (max-width: 767px) { #ut_custom_heading69fa0b4abf1bb { text-align:left; } }<\/style><h4 id=\"ut_custom_heading69fa0b4abf1bb\" data-responsive-font=\"h4\" class=\"ut-custom-heading-module\" ><span class=\"\" >Founding Partner<\/span><\/h4><style type=\"text\/css\">#ut_custom_heading69fa0b4abf1e5 { text-align:left; }@media (min-width: 768px) and (max-width: 1024px) { #ut_custom_heading69fa0b4abf1e5 { text-align:left; } }@media (max-width: 767px) { #ut_custom_heading69fa0b4abf1e5 { text-align:left; } }<\/style><p id=\"ut_custom_heading69fa0b4abf1e5\" data-responsive-font=\"p\" class=\"ut-custom-heading-module\" ><span class=\"\" >Graduated in Psychology by the University of Buenos Aires, Aldana is a teacher for\nmore than 10 years, keeping her professional development continuous.<\/p>\n<p>With extensive experience in the field of education and community development, Aldana\nhas specialized in\u00a0design, management and impact of social programs for Third Sector\nAssociations in coordination with public policies and private sphere.<\/p>\n<p>Among the areas of her expertise are: performance in evaluation and monitoring of ISO\n26000 Standard (social responsibility), social responsibility in Universities,\u00a0multisectoral\nalliances for the development of the SDGs (Sustainable Development Goals) and\nimplementation and monitoring of public policies.<\/p>\n<p>Specialist in management of Third Sector Organizations, she had participated in design\nand implementation of communication plans for teams within NGOs towards strategic\nand participatory management, as well as in the formation and development of groups\nin strategic inter-institutional alliances.<\/p>\n<p>Aldana has worked as director, coordinator and advisor in various civil society\norganizations.<\/span><\/p><\/div><\/div><\/div><style type=\"text\/css\">#ut-row-69fa0b4abb94d{margin-top: 20px !important;border-radius: 10px !important;} <\/style><\/div><div class=\"vc_row-full-width vc_clearfix\"><\/div><div id=\"ut-row-69fa0b4abf6b5\" data-vc-full-width=\"true\" data-vc-full-width-init=\"false\" class=\"vc_row wpb_row vc_row-fluid vc_column-gap-0 ut-row-69fa0b4abf6cb\" ><a id=\"section-irina\" data-id=\"section-irina\" class=\"ut-vc-offset-anchor-top\" name=\"section-irina\">irina<\/a><div class=\"wpb_column vc_column_container vc_col-sm-12\" ><div id=\"ut_inner_column_69fa0b4abfa0b\" class=\"vc_column-inner\" ><div class=\"wpb_wrapper\">\r\n<div id=\"vc-sep-69fa0b4abfb40\" class=\"vc_separator wpb_content_element vc_separator_align_center vc_sep_width_100 vc_sep_border_width_4 vc_sep_pos_align_center vc_separator_no_text vc_sep_color_grey  wpb_content_element\" ><span class=\"vc_sep_holder vc_sep_holder_l\"><span  class=\"vc_sep_line\"><\/span><\/span><span class=\"vc_sep_holder vc_sep_holder_r\"><span  class=\"vc_sep_line\"><\/span><\/span>\r\n<\/div><\/div><\/div><\/div><a data-id=\"section-irina\" class=\"ut-vc-offset-anchor-bottom\" name=\"section-irina\">irina<\/a><\/div><div class=\"vc_row-full-width vc_clearfix\"><\/div><div id=\"ut-row-69fa0b4abfe9d\" data-vc-full-width=\"true\" data-vc-full-width-init=\"false\" class=\"vc_row wpb_row vc_row-fluid vc_column-gap-0 ut-animate-element animated ut-no-animation-tablet ut-no-animation-mobile ut-row-69fa0b4abffa9\" data-effect=\"fadeInRight\" data-animateonce=\"yes\" data-delay=\"0\" data-animation-duration=\"1s\"><div class=\"wpb_column vc_column_container vc_col-sm-3\" ><div id=\"ut_inner_column_69fa0b4ac0601\" class=\"vc_column-inner\" ><div class=\"wpb_wrapper\"><div  class=\"wpb_content_element   clearfix\"><style type=\"text\/css\">#ut_am_69fa0b4ac0fd3 { opacity: 1; }#ut_am_wrap_69fa0b4ac0fd4 { text-align: left; }@media (min-width: 768px) and (max-width: 1024px) { #ut_am_wrap_69fa0b4ac0fd4 { text-align: left !important; } }@media (max-width: 767px) { #ut_am_wrap_69fa0b4ac0fd4 { text-align: center !important; } }<\/style><div id=\"ut_am_wrap_69fa0b4ac0fd4\" class=\"ut-image-gallery-image\"><div id=\"ut_reveal_69fa0b4ac0fd5\"  data-appear-top-offset=\"auto\" class=\"ut-animated-image-item ut-image-gallery-item ut-animation-done\"><a class=\"ut-deactivated-link\" href=\"#\"><div class=\"ut-animated-image-zoom\">\r\n        <div class=\"ut-element-glitch-wrap\">\r\n\r\n            \r\n        <style type=\"text\/css\">\r\n\r\n                        \r\n        @media (min-width: 1025px) {\r\n\r\n        #ut-element-glitch-69fa0b4ac1006266848691-1468 .ut-glitch-single-element {\r\n                                            \r\n                }\r\n        }\r\n\r\n        @media (min-width: 768px) and (max-width: 1024px) {\r\n\r\n        #ut-element-glitch-69fa0b4ac1006266848691-1468 .ut-glitch-single-element {\r\n                                                \r\n                    }\r\n        }\r\n\r\n        @media (max-width: 767px) {\r\n\r\n        #ut-element-glitch-69fa0b4ac1006266848691-1468 .ut-glitch-single-element {\r\n                                                \r\n                    }\r\n        }\r\n\r\n        \r\n        <\/style>\r\n\r\n        \r\n            <div id=\"ut-element-glitch-69fa0b4ac1006266848691-1468\" class=\"ut-element-glitch ut-glitch-none ut-element-glitch-permanent\">\r\n                <div class=\"ut-glitch-single-element ut-lozad skip-lazy\" data-background-image=\"https:\/\/slfconsultores.com\/wp-content\/uploads\/2021\/06\/Irina-Lotkova-taman\u0303o-web-cuadrada-23_06_2021--998x867.jpg\"><\/div>\r\n                <div class=\"ut-glitch-single-element ut-lozad skip-lazy\" data-background-image=\"https:\/\/slfconsultores.com\/wp-content\/uploads\/2021\/06\/Irina-Lotkova-taman\u0303o-web-cuadrada-23_06_2021--998x867.jpg\"><\/div>\r\n                <div class=\"ut-glitch-single-element ut-lozad skip-lazy\" data-background-image=\"https:\/\/slfconsultores.com\/wp-content\/uploads\/2021\/06\/Irina-Lotkova-taman\u0303o-web-cuadrada-23_06_2021--998x867.jpg\"><\/div>\r\n                <div class=\"ut-glitch-single-element ut-lozad skip-lazy\" data-background-image=\"https:\/\/slfconsultores.com\/wp-content\/uploads\/2021\/06\/Irina-Lotkova-taman\u0303o-web-cuadrada-23_06_2021--998x867.jpg\"><\/div>\r\n                <div class=\"ut-glitch-single-element ut-lozad skip-lazy\" data-background-image=\"https:\/\/slfconsultores.com\/wp-content\/uploads\/2021\/06\/Irina-Lotkova-taman\u0303o-web-cuadrada-23_06_2021--998x867.jpg\"><\/div>\r\n            <\/div>\r\n\r\n        <\/div>\r\n\r\n        <img loading=\"lazy\" decoding=\"async\" class=\"ut-lazy skip-lazy ut-animated-image\"  id=\"ut_am_69fa0b4ac0fd3\" src=\"data:image\/svg+xml;charset=utf-8,%3Csvg xmlns%3D'http%3A%2F%2Fwww.w3.org%2F2000%2Fsvg' viewBox%3D'0 0 998 867'%2F%3E\" data-src=\"https:\/\/slfconsultores.com\/wp-content\/uploads\/2021\/06\/Irina-Lotkova-taman\u0303o-web-cuadrada-23_06_2021--998x867.jpg\" width=\"998\" height=\"867\" alt=\"\"\/><\/div><\/a><\/div><\/div><\/div><\/div><\/div><\/div><div class=\"wpb_column vc_column_container vc_col-sm-9\" ><div id=\"ut_inner_column_69fa0b4ac1262\" class=\"vc_column-inner\" ><div class=\"wpb_wrapper\"><style type=\"text\/css\">#ut_custom_heading69fa0b4ac12f1 { text-align:left; }@media (min-width: 768px) and (max-width: 1024px) { #ut_custom_heading69fa0b4ac12f1 { text-align:left; } }@media (max-width: 767px) { #ut_custom_heading69fa0b4ac12f1 { text-align:left; } }<\/style><h2 id=\"ut_custom_heading69fa0b4ac12f1\" data-responsive-font=\"h2\" class=\"ut-custom-heading-module\" ><span class=\"\" >Irina Lotkova<br \/>\n<\/span><\/h2><style type=\"text\/css\">#ut_custom_heading69fa0b4ac1333 { color:#e84242; }#ut_custom_heading69fa0b4ac1333 { text-align:left; }@media (min-width: 768px) and (max-width: 1024px) { #ut_custom_heading69fa0b4ac1333 { text-align:left; } }@media (max-width: 767px) { #ut_custom_heading69fa0b4ac1333 { text-align:left; } }<\/style><h4 id=\"ut_custom_heading69fa0b4ac1333\" data-responsive-font=\"h4\" class=\"ut-custom-heading-module\" ><span class=\"\" >Founding Partner<\/span><\/h4><style type=\"text\/css\">#ut_custom_heading69fa0b4ac1368 { text-align:left; }@media (min-width: 768px) and (max-width: 1024px) { #ut_custom_heading69fa0b4ac1368 { text-align:left; } }@media (max-width: 767px) { #ut_custom_heading69fa0b4ac1368 { text-align:left; } }<\/style><p id=\"ut_custom_heading69fa0b4ac1368\" data-responsive-font=\"p\" class=\"ut-custom-heading-module\" ><span class=\"\" >Graduated from the Faculty of Journalism at Moscow State University and Master of\nProfessional Studies in Political Communication and Governance at The George\nWashington University.<\/p>\n<p>For 10 years Irina has taught Geopolitics, International and Intercultural Communication\nat Tecnologico de Monterrey (# 1 private university in Mexico) Campus Monterrey and\nSanta Fe.<\/p>\n<p>As a Political Consultant, she has participated in electoral campaigns in Mexico,\ndesigning campaign strategies and monitoring them, as well as working on political\nbranding of the candidates.<\/p>\n<p>Expert in government communication, Irina has collaborated with State Governments\ndesigning internal and external communication plans, institutional campaigns and\nimplementing project management.<\/span><\/p><\/div><\/div><\/div><style type=\"text\/css\">#ut-row-69fa0b4abfe9d{margin-top: 10px !important;} <\/style><\/div><div class=\"vc_row-full-width vc_clearfix\"><\/div><div id=\"ut-row-69fa0b4ac185c\" data-vc-full-width=\"true\" data-vc-full-width-init=\"false\" class=\"vc_row wpb_row vc_row-fluid vc_column-gap-0 ut-row-69fa0b4ac1868\" ><a id=\"section-alejandro\" data-id=\"section-alejandro\" class=\"ut-vc-offset-anchor-top\" name=\"section-alejandro\">alejandro<\/a><div class=\"wpb_column vc_column_container vc_col-sm-12\" ><div id=\"ut_inner_column_69fa0b4ac1bf1\" class=\"vc_column-inner\" ><div class=\"wpb_wrapper\">\r\n<div id=\"vc-sep-69fa0b4ac1d6c\" class=\"vc_separator wpb_content_element vc_separator_align_center vc_sep_width_100 vc_sep_border_width_4 vc_sep_pos_align_center vc_separator_no_text vc_sep_color_grey  wpb_content_element\" ><span class=\"vc_sep_holder vc_sep_holder_l\"><span  class=\"vc_sep_line\"><\/span><\/span><span class=\"vc_sep_holder vc_sep_holder_r\"><span  class=\"vc_sep_line\"><\/span><\/span>\r\n<\/div><\/div><\/div><\/div><a data-id=\"section-alejandro\" class=\"ut-vc-offset-anchor-bottom\" name=\"section-alejandro\">alejandro<\/a><\/div><div class=\"vc_row-full-width vc_clearfix\"><\/div><div id=\"ut-row-69fa0b4ac21c1\" data-vc-full-width=\"true\" data-vc-full-width-init=\"false\" class=\"vc_row wpb_row vc_row-fluid vc_column-gap-0 ut-animate-element animated ut-no-animation-tablet ut-no-animation-mobile ut-row-69fa0b4ac22d7\" data-effect=\"fadeInUp\" data-animateonce=\"yes\" data-delay=\"0\" data-animation-duration=\"1s\"><div class=\"wpb_column vc_column_container vc_col-sm-3\" ><div id=\"ut_inner_column_69fa0b4ac284a\" class=\"vc_column-inner\" ><div class=\"wpb_wrapper\"><div  class=\"wpb_content_element   clearfix\"><style type=\"text\/css\">#ut_am_69fa0b4ac2b18 { opacity: 1; }#ut_am_wrap_69fa0b4ac2b19 { text-align: left; }@media (min-width: 768px) and (max-width: 1024px) { #ut_am_wrap_69fa0b4ac2b19 { text-align: left !important; } }@media (max-width: 767px) { #ut_am_wrap_69fa0b4ac2b19 { text-align: center !important; } }<\/style><div id=\"ut_am_wrap_69fa0b4ac2b19\" class=\"ut-image-gallery-image\"><div id=\"ut_reveal_69fa0b4ac2b1a\"  data-appear-top-offset=\"auto\" class=\"ut-animated-image-item ut-image-gallery-item ut-animation-done\"><a class=\"ut-deactivated-link\" href=\"#\"><div class=\"ut-animated-image-zoom\">\r\n        <div class=\"ut-element-glitch-wrap\">\r\n\r\n            \r\n        <style type=\"text\/css\">\r\n\r\n                        \r\n        @media (min-width: 1025px) {\r\n\r\n        #ut-element-glitch-69fa0b4ac2b38598614609-1464 .ut-glitch-single-element {\r\n                                            \r\n                }\r\n        }\r\n\r\n        @media (min-width: 768px) and (max-width: 1024px) {\r\n\r\n        #ut-element-glitch-69fa0b4ac2b38598614609-1464 .ut-glitch-single-element {\r\n                                                \r\n                    }\r\n        }\r\n\r\n        @media (max-width: 767px) {\r\n\r\n        #ut-element-glitch-69fa0b4ac2b38598614609-1464 .ut-glitch-single-element {\r\n                                                \r\n                    }\r\n        }\r\n\r\n        \r\n        <\/style>\r\n\r\n        \r\n            <div id=\"ut-element-glitch-69fa0b4ac2b38598614609-1464\" class=\"ut-element-glitch ut-glitch-none ut-element-glitch-permanent\">\r\n                <div class=\"ut-glitch-single-element ut-lozad skip-lazy\" data-background-image=\"https:\/\/slfconsultores.com\/wp-content\/uploads\/2021\/06\/d4749307-12b1-4575-9071-0684668013f5.jpg\"><\/div>\r\n                <div class=\"ut-glitch-single-element ut-lozad skip-lazy\" data-background-image=\"https:\/\/slfconsultores.com\/wp-content\/uploads\/2021\/06\/d4749307-12b1-4575-9071-0684668013f5.jpg\"><\/div>\r\n                <div class=\"ut-glitch-single-element ut-lozad skip-lazy\" data-background-image=\"https:\/\/slfconsultores.com\/wp-content\/uploads\/2021\/06\/d4749307-12b1-4575-9071-0684668013f5.jpg\"><\/div>\r\n                <div class=\"ut-glitch-single-element ut-lozad skip-lazy\" data-background-image=\"https:\/\/slfconsultores.com\/wp-content\/uploads\/2021\/06\/d4749307-12b1-4575-9071-0684668013f5.jpg\"><\/div>\r\n                <div class=\"ut-glitch-single-element ut-lozad skip-lazy\" data-background-image=\"https:\/\/slfconsultores.com\/wp-content\/uploads\/2021\/06\/d4749307-12b1-4575-9071-0684668013f5.jpg\"><\/div>\r\n            <\/div>\r\n\r\n        <\/div>\r\n\r\n        <img loading=\"lazy\" decoding=\"async\" class=\"ut-lazy skip-lazy ut-animated-image\"  id=\"ut_am_69fa0b4ac2b18\" src=\"data:image\/svg+xml;charset=utf-8,%3Csvg xmlns%3D'http%3A%2F%2Fwww.w3.org%2F2000%2Fsvg' viewBox%3D'0 0 902 756'%2F%3E\" data-src=\"https:\/\/slfconsultores.com\/wp-content\/uploads\/2021\/06\/d4749307-12b1-4575-9071-0684668013f5.jpg\" width=\"902\" height=\"756\" alt=\"\"\/><\/div><\/a><\/div><\/div><\/div><\/div><\/div><\/div><div class=\"wpb_column vc_column_container vc_col-sm-9\" ><div id=\"ut_inner_column_69fa0b4ac2c88\" class=\"vc_column-inner\" ><div class=\"wpb_wrapper\"><style type=\"text\/css\">#ut_custom_heading69fa0b4ac2ce0 { text-align:left; }@media (min-width: 768px) and (max-width: 1024px) { #ut_custom_heading69fa0b4ac2ce0 { text-align:left; } }@media (max-width: 767px) { #ut_custom_heading69fa0b4ac2ce0 { text-align:left; } }<\/style><h2 id=\"ut_custom_heading69fa0b4ac2ce0\" data-responsive-font=\"h2\" class=\"ut-custom-heading-module\" ><span class=\"\" >Alejandro Gabriel Fern\u00e1ndez<br \/>\n<\/span><\/h2><style type=\"text\/css\">#ut_custom_heading69fa0b4ac2d0c { color:#e84242; }#ut_custom_heading69fa0b4ac2d0c { text-align:left; }@media (min-width: 768px) and (max-width: 1024px) { #ut_custom_heading69fa0b4ac2d0c { text-align:left; } }@media (max-width: 767px) { #ut_custom_heading69fa0b4ac2d0c { text-align:left; } }<\/style><h4 id=\"ut_custom_heading69fa0b4ac2d0c\" data-responsive-font=\"h4\" class=\"ut-custom-heading-module\" ><span class=\"\" >Founding Partner<\/span><\/h4><style type=\"text\/css\">#ut_custom_heading69fa0b4ac2d29 { text-align:left; }@media (min-width: 768px) and (max-width: 1024px) { #ut_custom_heading69fa0b4ac2d29 { text-align:left; } }@media (max-width: 767px) { #ut_custom_heading69fa0b4ac2d29 { text-align:left; } }<\/style><p id=\"ut_custom_heading69fa0b4ac2d29\" data-responsive-font=\"p\" class=\"ut-custom-heading-module\" ><span class=\"\" >Lawyer graduated from the University of Buenos Aires, Master of Professional Studies\nin Political Communication and Governance at The George Washington University,\nWashington DC, USA.<\/p>\n<p>With over 30 years of practice and experience in management and public administration\non different fields, such as security agencies, immigration and legislation issues, as well\nas judiciary, Alejandro have gained expertise in auditing and external management\ncontrol issues.<\/p>\n<p>He had also worked in Open Government and transparency areas, specializing in social\nand governance criteria, quality standards certification and\u00a0Sustainable Development\nGoals in public area.<\/span><\/p><\/div><\/div><\/div><style type=\"text\/css\">#ut-row-69fa0b4ac21c1{margin-top: 10px !important;} <\/style><\/div><div class=\"vc_row-full-width vc_clearfix\"><\/div><a data-id=\"section-without-id\" class=\"ut-vc-offset-anchor-bottom\" name=\"section-without-id\"><\/a><\/section><div class=\"vc_row-full-width vc_clearfix\"><\/div>\n<\/div>","protected":false},"excerpt":{"rendered":"aldana aldana Aldana Siciliano Socio FundadorLicenciada en Psicolog\u00eda, egresada de la Universidad de Buenos Aires. Docente desde hace m\u00e1s de 10 a\u00f1os; se\u00a0 desarrolla en\u00a0 talleres y capacitaciones en el marco de programas\u00a0 de formaci\u00f3n de formadores. Amplia trayectoria en el \u00e1mbito de la\u00a0 educaci\u00f3n y el desarrollo de la comunidad. Dise\u00f1o, gesti\u00f3n e impacto\u00a0 [...]","protected":false},"author":2,"featured_media":0,"parent":0,"menu_order":0,"comment_status":"closed","ping_status":"closed","template":"","meta":{"_coblocks_attr":"","_coblocks_dimensions":"","_coblocks_responsive_height":"","_coblocks_accordion_ie_support":"","_monsterinsights_skip_tracking":false,"_monsterinsights_sitenote_active":false,"_monsterinsights_sitenote_note":"","_monsterinsights_sitenote_category":0,"footnotes":""},"class_list":["post-854","page","type-page","status-publish","hentry"],"_links":{"self":[{"href":"https:\/\/slfconsultores.com\/en\/wp-json\/wp\/v2\/pages\/854","targetHints":{"allow":["GET"]}}],"collection":[{"href":"https:\/\/slfconsultores.com\/en\/wp-json\/wp\/v2\/pages"}],"about":[{"href":"https:\/\/slfconsultores.com\/en\/wp-json\/wp\/v2\/types\/page"}],"author":[{"embeddable":true,"href":"https:\/\/slfconsultores.com\/en\/wp-json\/wp\/v2\/users\/2"}],"replies":[{"embeddable":true,"href":"https:\/\/slfconsultores.com\/en\/wp-json\/wp\/v2\/comments?post=854"}],"version-history":[{"count":36,"href":"https:\/\/slfconsultores.com\/en\/wp-json\/wp\/v2\/pages\/854\/revisions"}],"predecessor-version":[{"id":1804,"href":"https:\/\/slfconsultores.com\/en\/wp-json\/wp\/v2\/pages\/854\/revisions\/1804"}],"wp:attachment":[{"href":"https:\/\/slfconsultores.com\/en\/wp-json\/wp\/v2\/media?parent=854"}],"curies":[{"name":"wp","href":"https:\/\/api.w.org\/{rel}","templated":true}]}}